{"id":818,"date":"2018-12-31T23:35:31","date_gmt":"2018-12-31T23:35:31","guid":{"rendered":"https:\/\/www.sylvialarrass.com\/?page_id=818"},"modified":"2024-07-02T22:36:10","modified_gmt":"2024-07-02T22:36:10","slug":"contactez-nous","status":"publish","type":"page","link":"https:\/\/www.sylvialarrass.com\/fr\/contactez-nous\/","title":{"rendered":"Contactez-nous"},"content":{"rendered":"<p><div class=\"fusion-fullwidth fullwidth-box fusion-builder-row-1 nonhundred-percent-fullwidth non-hundred-percent-height-scrolling\" style=\"--awb-border-radius-top-left:0px;--awb-border-radius-top-right:0px;--awb-border-radius-bottom-right:0px;--awb-border-radius-bottom-left:0px;--awb-padding-top:2%;--awb-padding-bottom:0%;--awb-flex-wrap:wrap;\" ><div class=\"fusion-builder-row fusion-row\"><div class=\"fusion-layout-column fusion_builder_column fusion-builder-column-0 fusion_builder_column_1_3 1_3 fusion-one-third fusion-column-first fusion-animated\" style=\"--awb-bg-size:cover;--awb-margin-bottom:0px;width:33.333333333333%;width:calc(33.333333333333% - ( ( 4% ) * 0.33333333333333 ) );margin-right: 4%;\" data-animationType=\"slideInLeft\" data-animationDuration=\"0.6\" data-animationOffset=\"top-into-view\"><div class=\"fusion-column-wrapper fusion-column-has-shadow fusion-flex-column-wrapper-legacy\"><div class=\"fusion-title title fusion-title-1 fusion-sep-none fusion-title-text fusion-title-size-two\" style=\"--awb-margin-top-small:0px;--awb-margin-right-small:0px;--awb-margin-bottom-small:20px;--awb-margin-left-small:0px;\"><h2 class=\"fusion-title-heading title-heading-left fusion-responsive-typography-calculated\" style=\"margin:0;--fontSize:33;line-height:1.2;\">Comment nous contacter<\/h2><\/div><div class=\"fusion-text fusion-text-1\"><div class=\"fusion-text\">\n<p>Courriel :\u00a0<a href=\"mailto:voice@sylvialarrass.com\">voice@sylvialarrass.com<\/a><\/p>\n<\/div>\n<div class=\"fusion-text\">\n<p>T\u00e9l\u00e9phone :\u00a0(613) 447-6428<\/p>\n<p><a href=\"facetime:sylvialarrass@yahoo.ca\"><img decoding=\"async\" class=\"wp-image-1078 alignleft\" src=\"https:\/\/www.sylvialarrass.com\/wp-content\/uploads\/2019\/01\/facetime-icon.png\" alt=\"\" width=\"48\" height=\"48\" \/><\/a>Me joindre:<\/p>\n<\/div>\n<\/div><div class=\"fusion-clearfix\"><\/div><\/div><\/div><\/div><\/div><div class=\"fusion-fullwidth fullwidth-box fusion-builder-row-2 nonhundred-percent-fullwidth non-hundred-percent-height-scrolling\" style=\"--awb-border-radius-top-left:0px;--awb-border-radius-top-right:0px;--awb-border-radius-bottom-right:0px;--awb-border-radius-bottom-left:0px;--awb-padding-top:0%;--awb-padding-bottom:0%;--awb-flex-wrap:wrap;\" ><div class=\"fusion-builder-row fusion-row\"><div class=\"fusion-layout-column fusion_builder_column fusion-builder-column-1 fusion_builder_column_1_3 1_3 fusion-one-third fusion-column-first fusion-animated\" style=\"--awb-bg-size:cover;--awb-margin-top:20px;--awb-margin-bottom:40px;width:33.333333333333%;width:calc(33.333333333333% - ( ( 4% ) * 0.33333333333333 ) );margin-right: 4%;\" data-animationType=\"slideInLeft\" data-animationDuration=\"0.6\" data-animationOffset=\"top-into-view\"><div class=\"fusion-column-wrapper fusion-flex-column-wrapper-legacy\"><div class=\"fusion-image-element in-legacy-container\" style=\"--awb-caption-title-font-family:var(--h2_typography-font-family);--awb-caption-title-font-weight:var(--h2_typography-font-weight);--awb-caption-title-font-style:var(--h2_typography-font-style);--awb-caption-title-size:var(--h2_typography-font-size);--awb-caption-title-transform:var(--h2_typography-text-transform);--awb-caption-title-line-height:var(--h2_typography-line-height);--awb-caption-title-letter-spacing:var(--h2_typography-letter-spacing);\"><span class=\" fusion-imageframe imageframe-none imageframe-1 hover-type-none\"><img decoding=\"async\" width=\"960\" height=\"1201\" title=\"unnamed (2)\" src=\"https:\/\/www.sylvialarrass.com\/wp-content\/uploads\/2024\/07\/unnamed-2.jpg\" alt class=\"img-responsive wp-image-3839\" srcset=\"https:\/\/www.sylvialarrass.com\/wp-content\/uploads\/2024\/07\/unnamed-2-200x250.jpg 200w, https:\/\/www.sylvialarrass.com\/wp-content\/uploads\/2024\/07\/unnamed-2-400x500.jpg 400w, https:\/\/www.sylvialarrass.com\/wp-content\/uploads\/2024\/07\/unnamed-2-600x751.jpg 600w, https:\/\/www.sylvialarrass.com\/wp-content\/uploads\/2024\/07\/unnamed-2-800x1001.jpg 800w, https:\/\/www.sylvialarrass.com\/wp-content\/uploads\/2024\/07\/unnamed-2.jpg 960w\" sizes=\"(max-width: 1000px) 100vw, 600px\" \/><\/span><\/div><div class=\"fusion-clearfix\"><\/div><\/div><\/div><div class=\"fusion-layout-column fusion_builder_column fusion-builder-column-2 fusion_builder_column_2_3 2_3 fusion-two-third fusion-column-last fusion-animated\" style=\"--awb-bg-size:cover;--awb-margin-top:20px;--awb-margin-bottom:40px;width:66.666666666667%;width:calc(66.666666666667% - ( ( 4% ) * 0.66666666666667 ) );\" data-animationType=\"slideInRight\" data-animationDuration=\"0.6\" data-animationOffset=\"top-into-view\"><div class=\"fusion-column-wrapper fusion-column-has-shadow fusion-flex-column-wrapper-legacy\"><div class=\"fusion-title title fusion-title-2 fusion-sep-none fusion-title-text fusion-title-size-two\" style=\"--awb-margin-top-small:0px;--awb-margin-right-small:0px;--awb-margin-bottom-small:20px;--awb-margin-left-small:0px;\"><h2 class=\"fusion-title-heading title-heading-left fusion-responsive-typography-calculated\" style=\"margin:0;--fontSize:33;line-height:1.2;\">Envoyez-nous un courriel!<\/h2><\/div><div class=\"fusion-text fusion-text-2\"><p>Je peux vous aider \u00e0 projeter une image professionnelle, assur\u00e9e et soign\u00e9e en am\u00e9liorant l\u2019efficacit\u00e9 de votre message, votre capacit\u00e9 de concentration et la puissance de votre voix. Contactez-moi d\u00e8s aujourd\u2019hui!<\/p>\n<\/div><div class=\"fusion-sep-clear\"><\/div><div class=\"fusion-separator fusion-full-width-sep\" style=\"margin-left: auto;margin-right: auto;margin-top:20px;margin-bottom:20px;width:100%;\"><\/div><div class=\"fusion-sep-clear\"><\/div><p class=\"wpcf7-contact-form-not-found\"><strong>Erreur\u00a0:<\/strong> Formulaire de contact non trouv\u00e9\u00a0!<\/p><div class=\"fusion-clearfix\"><\/div><\/div><\/div><\/div><\/div><div class=\"fusion-fullwidth fullwidth-box fusion-builder-row-3 nonhundred-percent-fullwidth non-hundred-percent-height-scrolling\" style=\"--awb-border-radius-top-left:0px;--awb-border-radius-top-right:0px;--awb-border-radius-bottom-right:0px;--awb-border-radius-bottom-left:0px;--awb-margin-top:1%;--awb-margin-bottom:2%;--awb-flex-wrap:wrap;\" ><div class=\"fusion-builder-row fusion-row\"><div class=\"fusion-layout-column fusion_builder_column fusion-builder-column-3 fusion_builder_column_1_1 1_1 fusion-one-full fusion-column-first fusion-column-last\" style=\"--awb-bg-size:cover;\"><div class=\"fusion-column-wrapper fusion-flex-column-wrapper-legacy\"><div class=\"fusion-testimonials classic awb-speech-bubble-show fusion-testimonials-1\" style=\"--awb-textcolor:#585858;--awb-backgroundcolor:#ffffff;--awb-testimonial-border-style:solid;--awb-testimonial-border-color:var(--awb-color3);--awb-border-top-left-radius:0px;--awb-border-top-right-radius:0px;--awb-border-bottom-left-radius:0px;--awb-border-bottom-right-radius:0px;--testimonial-border-width-top:0px;--testimonial-border-width-right:0px;--testimonial-border-width-bottom:0px;--testimonial-border-width-left:0px;\" data-random=\"0\" data-speed=\"4000\"><div class=\"reviews\"><div class=\"review active-testimonial male\"><blockquote><div class=\"awb-quote\"><div class=\"awb-quote-content\">\n<p>\u201cMerci pour cet atelier de formation et vos bons conseils. Je les ai tous suivis et je n\u2019ai jamais fait un si bon discours. Je vous en suis reconnaissant. Il s\u2019av\u00e8re que l\u2019Universit\u00e9 de Regina m\u2019offre un poste de professeur adjoint. Merci pour le temps que vous m\u2019avez consacr\u00e9 et de m\u2019avoir aid\u00e9 \u00e0 me pr\u00e9parer. \u201c<\/p>\n<\/div><\/div><span class=\"awb-triangle\"><\/span><\/blockquote><div class=\"author\"><span class=\"testimonial-thumbnail doe\"><\/span><span class=\"company-name\"><strong>Alison Molina<\/strong><span>, <\/span><span>Professeure adjointe, Universit\u00e9 de la Saskatchewan<\/span><\/span><\/div><\/div><\/div><\/div><div class=\"fusion-clearfix\"><\/div><\/div><\/div><\/div><\/div><\/p>\n","protected":false},"excerpt":{"rendered":"","protected":false},"author":1,"featured_media":0,"parent":0,"menu_order":0,"comment_status":"closed","ping_status":"closed","template":"100-width.php","meta":{"footnotes":""},"class_list":["post-818","page","type-page","status-publish","hentry"],"yoast_head":"<!-- This site is optimized with the Yoast SEO plugin v27.4 - https:\/\/yoast.com\/product\/yoast-seo-wordpress\/ -->\n<title>Best Voice Coach Ottawa - Learning how to Engage your audience<\/title>\n<meta name=\"description\" content=\"Helping you to project a more professional, polished and confident image with the Best Voice Coach in Ottawa. Contact Sylvia Larrass today.\" \/>\n<meta name=\"robots\" content=\"index, follow, max-snippet:-1, max-image-preview:large, max-video-preview:-1\" \/>\n<link rel=\"canonical\" href=\"https:\/\/www.sylvialarrass.com\/fr\/contactez-nous\/\" \/>\n<meta property=\"og:locale\" content=\"fr_FR\" \/>\n<meta property=\"og:type\" content=\"article\" \/>\n<meta property=\"og:title\" content=\"Best Voice Coach Ottawa - Learning how to Engage your audience\" \/>\n<meta property=\"og:description\" content=\"Helping you to project a more professional, polished and confident image with the Best Voice Coach in Ottawa. Contact Sylvia Larrass today.\" \/>\n<meta property=\"og:url\" content=\"https:\/\/www.sylvialarrass.com\/fr\/contactez-nous\/\" \/>\n<meta property=\"og:site_name\" content=\"Sylvia Larrass - Public Speaking Training and Voice Coaching\" \/>\n<meta property=\"article:modified_time\" content=\"2024-07-02T22:36:10+00:00\" \/>\n<meta property=\"og:image\" content=\"https:\/\/www.sylvialarrass.com\/wp-content\/uploads\/2019\/01\/facetime-icon.png\" \/>\n<meta name=\"twitter:card\" content=\"summary_large_image\" \/>\n<meta name=\"twitter:label1\" content=\"Dur\u00e9e de lecture estim\u00e9e\" \/>\n\t<meta name=\"twitter:data1\" content=\"1 minute\" \/>\n<script type=\"application\/ld+json\" class=\"yoast-schema-graph\">{\"@context\":\"https:\\\/\\\/schema.org\",\"@graph\":[{\"@type\":\"WebPage\",\"@id\":\"https:\\\/\\\/www.sylvialarrass.com\\\/fr\\\/contactez-nous\\\/\",\"url\":\"https:\\\/\\\/www.sylvialarrass.com\\\/fr\\\/contactez-nous\\\/\",\"name\":\"Best Voice Coach Ottawa - Learning how to Engage your audience\",\"isPartOf\":{\"@id\":\"https:\\\/\\\/www.sylvialarrass.com\\\/#website\"},\"primaryImageOfPage\":{\"@id\":\"https:\\\/\\\/www.sylvialarrass.com\\\/fr\\\/contactez-nous\\\/#primaryimage\"},\"image\":{\"@id\":\"https:\\\/\\\/www.sylvialarrass.com\\\/fr\\\/contactez-nous\\\/#primaryimage\"},\"thumbnailUrl\":\"https:\\\/\\\/www.sylvialarrass.com\\\/wp-content\\\/uploads\\\/2019\\\/01\\\/facetime-icon.png\",\"datePublished\":\"2018-12-31T23:35:31+00:00\",\"dateModified\":\"2024-07-02T22:36:10+00:00\",\"description\":\"Helping you to project a more professional, polished and confident image with the Best Voice Coach in Ottawa. Contact Sylvia Larrass today.\",\"breadcrumb\":{\"@id\":\"https:\\\/\\\/www.sylvialarrass.com\\\/fr\\\/contactez-nous\\\/#breadcrumb\"},\"inLanguage\":\"fr-FR\",\"potentialAction\":[{\"@type\":\"ReadAction\",\"target\":[\"https:\\\/\\\/www.sylvialarrass.com\\\/fr\\\/contactez-nous\\\/\"]}]},{\"@type\":\"ImageObject\",\"inLanguage\":\"fr-FR\",\"@id\":\"https:\\\/\\\/www.sylvialarrass.com\\\/fr\\\/contactez-nous\\\/#primaryimage\",\"url\":\"https:\\\/\\\/www.sylvialarrass.com\\\/wp-content\\\/uploads\\\/2019\\\/01\\\/facetime-icon.png\",\"contentUrl\":\"https:\\\/\\\/www.sylvialarrass.com\\\/wp-content\\\/uploads\\\/2019\\\/01\\\/facetime-icon.png\"},{\"@type\":\"BreadcrumbList\",\"@id\":\"https:\\\/\\\/www.sylvialarrass.com\\\/fr\\\/contactez-nous\\\/#breadcrumb\",\"itemListElement\":[{\"@type\":\"ListItem\",\"position\":1,\"name\":\"Home\",\"item\":\"https:\\\/\\\/www.sylvialarrass.com\\\/fr\\\/\"},{\"@type\":\"ListItem\",\"position\":2,\"name\":\"Contactez-nous\"}]},{\"@type\":\"WebSite\",\"@id\":\"https:\\\/\\\/www.sylvialarrass.com\\\/#website\",\"url\":\"https:\\\/\\\/www.sylvialarrass.com\\\/\",\"name\":\"Sylvia Larrass - Public Speaking Training and Voice Coaching\",\"description\":\"Public Speaking Training and Voice Coaching\",\"potentialAction\":[{\"@type\":\"SearchAction\",\"target\":{\"@type\":\"EntryPoint\",\"urlTemplate\":\"https:\\\/\\\/www.sylvialarrass.com\\\/?s={search_term_string}\"},\"query-input\":{\"@type\":\"PropertyValueSpecification\",\"valueRequired\":true,\"valueName\":\"search_term_string\"}}],\"inLanguage\":\"fr-FR\"}]}<\/script>\n<!-- \/ Yoast SEO plugin. -->","yoast_head_json":{"title":"Best Voice Coach Ottawa - Learning how to Engage your audience","description":"Helping you to project a more professional, polished and confident image with the Best Voice Coach in Ottawa. Contact Sylvia Larrass today.","robots":{"index":"index","follow":"follow","max-snippet":"max-snippet:-1","max-image-preview":"max-image-preview:large","max-video-preview":"max-video-preview:-1"},"canonical":"https:\/\/www.sylvialarrass.com\/fr\/contactez-nous\/","og_locale":"fr_FR","og_type":"article","og_title":"Best Voice Coach Ottawa - Learning how to Engage your audience","og_description":"Helping you to project a more professional, polished and confident image with the Best Voice Coach in Ottawa. Contact Sylvia Larrass today.","og_url":"https:\/\/www.sylvialarrass.com\/fr\/contactez-nous\/","og_site_name":"Sylvia Larrass - Public Speaking Training and Voice Coaching","article_modified_time":"2024-07-02T22:36:10+00:00","og_image":[{"url":"https:\/\/www.sylvialarrass.com\/wp-content\/uploads\/2019\/01\/facetime-icon.png","type":"","width":"","height":""}],"twitter_card":"summary_large_image","twitter_misc":{"Dur\u00e9e de lecture estim\u00e9e":"1 minute"},"schema":{"@context":"https:\/\/schema.org","@graph":[{"@type":"WebPage","@id":"https:\/\/www.sylvialarrass.com\/fr\/contactez-nous\/","url":"https:\/\/www.sylvialarrass.com\/fr\/contactez-nous\/","name":"Best Voice Coach Ottawa - Learning how to Engage your audience","isPartOf":{"@id":"https:\/\/www.sylvialarrass.com\/#website"},"primaryImageOfPage":{"@id":"https:\/\/www.sylvialarrass.com\/fr\/contactez-nous\/#primaryimage"},"image":{"@id":"https:\/\/www.sylvialarrass.com\/fr\/contactez-nous\/#primaryimage"},"thumbnailUrl":"https:\/\/www.sylvialarrass.com\/wp-content\/uploads\/2019\/01\/facetime-icon.png","datePublished":"2018-12-31T23:35:31+00:00","dateModified":"2024-07-02T22:36:10+00:00","description":"Helping you to project a more professional, polished and confident image with the Best Voice Coach in Ottawa. Contact Sylvia Larrass today.","breadcrumb":{"@id":"https:\/\/www.sylvialarrass.com\/fr\/contactez-nous\/#breadcrumb"},"inLanguage":"fr-FR","potentialAction":[{"@type":"ReadAction","target":["https:\/\/www.sylvialarrass.com\/fr\/contactez-nous\/"]}]},{"@type":"ImageObject","inLanguage":"fr-FR","@id":"https:\/\/www.sylvialarrass.com\/fr\/contactez-nous\/#primaryimage","url":"https:\/\/www.sylvialarrass.com\/wp-content\/uploads\/2019\/01\/facetime-icon.png","contentUrl":"https:\/\/www.sylvialarrass.com\/wp-content\/uploads\/2019\/01\/facetime-icon.png"},{"@type":"BreadcrumbList","@id":"https:\/\/www.sylvialarrass.com\/fr\/contactez-nous\/#breadcrumb","itemListElement":[{"@type":"ListItem","position":1,"name":"Home","item":"https:\/\/www.sylvialarrass.com\/fr\/"},{"@type":"ListItem","position":2,"name":"Contactez-nous"}]},{"@type":"WebSite","@id":"https:\/\/www.sylvialarrass.com\/#website","url":"https:\/\/www.sylvialarrass.com\/","name":"Sylvia Larrass - Public Speaking Training and Voice Coaching","description":"Public Speaking Training and Voice Coaching","potentialAction":[{"@type":"SearchAction","target":{"@type":"EntryPoint","urlTemplate":"https:\/\/www.sylvialarrass.com\/?s={search_term_string}"},"query-input":{"@type":"PropertyValueSpecification","valueRequired":true,"valueName":"search_term_string"}}],"inLanguage":"fr-FR"}]}},"_links":{"self":[{"href":"https:\/\/www.sylvialarrass.com\/fr\/wp-json\/wp\/v2\/pages\/818","targetHints":{"allow":["GET"]}}],"collection":[{"href":"https:\/\/www.sylvialarrass.com\/fr\/wp-json\/wp\/v2\/pages"}],"about":[{"href":"https:\/\/www.sylvialarrass.com\/fr\/wp-json\/wp\/v2\/types\/page"}],"author":[{"embeddable":true,"href":"https:\/\/www.sylvialarrass.com\/fr\/wp-json\/wp\/v2\/users\/1"}],"replies":[{"embeddable":true,"href":"https:\/\/www.sylvialarrass.com\/fr\/wp-json\/wp\/v2\/comments?post=818"}],"version-history":[{"count":0,"href":"https:\/\/www.sylvialarrass.com\/fr\/wp-json\/wp\/v2\/pages\/818\/revisions"}],"wp:attachment":[{"href":"https:\/\/www.sylvialarrass.com\/fr\/wp-json\/wp\/v2\/media?parent=818"}],"curies":[{"name":"wp","href":"https:\/\/api.w.org\/{rel}","templated":true}]}}