{"id":3573,"date":"2023-01-11T12:13:27","date_gmt":"2023-01-11T12:13:27","guid":{"rendered":"https:\/\/www.sylvialarrass.com\/?page_id=3573"},"modified":"2023-01-11T12:13:27","modified_gmt":"2023-01-11T12:13:27","slug":"quest-ce-que-le-coaching-vocal","status":"publish","type":"page","link":"https:\/\/www.sylvialarrass.com\/fr\/quest-ce-que-le-coaching-vocal\/","title":{"rendered":"Qu\u2019est-ce que le coaching vocal?"},"content":{"rendered":"<p><div class=\"fusion-fullwidth fullwidth-box fusion-builder-row-1 nonhundred-percent-fullwidth non-hundred-percent-height-scrolling\" style=\"--awb-border-radius-top-left:0px;--awb-border-radius-top-right:0px;--awb-border-radius-bottom-right:0px;--awb-border-radius-bottom-left:0px;--awb-padding-top:1%;--awb-padding-bottom:0%;--awb-margin-top:20px;--awb-margin-bottom:0px;--awb-flex-wrap:wrap;\" ><div class=\"fusion-builder-row fusion-row\"><div class=\"fusion-layout-column fusion_builder_column fusion-builder-column-0 fusion_builder_column_1_1 1_1 fusion-one-full fusion-column-first fusion-column-last fusion-no-small-visibility fusion-no-medium-visibility\" style=\"--awb-padding-top:40px;--awb-padding-right:20px;--awb-padding-bottom:20px;--awb-padding-left:40px;--awb-bg-image:url(&#039;https:\/\/www.sylvialarrass.com\/wp-content\/uploads\/2022\/09\/Individual-Coaching.jpg&#039;);--awb-bg-size:cover;\"><div class=\"fusion-column-wrapper fusion-column-has-shadow fusion-flex-column-wrapper-legacy fusion-column-has-bg-image\" data-bg-url=\"https:\/\/www.sylvialarrass.com\/wp-content\/uploads\/2022\/09\/Individual-Coaching.jpg\"><div class=\"fusion-builder-row fusion-builder-row-inner fusion-row\"><div class=\"fusion-layout-column fusion_builder_column_inner fusion-builder-nested-column-0 fusion_builder_column_inner_1_2 1_2 fusion-one-half fusion-column-first\" style=\"--awb-bg-size:cover;width:50%;width:calc(50% - ( ( 4% ) * 0.5 ) );margin-right: 4%;\"><div class=\"fusion-column-wrapper fusion-column-has-shadow fusion-flex-column-wrapper-legacy\"><div class=\"fusion-clearfix\"><\/div><\/div><\/div><div class=\"fusion-layout-column fusion_builder_column_inner fusion-builder-nested-column-1 fusion_builder_column_inner_1_2 1_2 fusion-one-half fusion-column-last\" style=\"--awb-padding-top:20px;--awb-padding-right:20px;--awb-padding-bottom:20px;--awb-padding-left:30px;--awb-bg-color:rgba(239,239,237,0.88);--awb-bg-color-hover:rgba(239,239,237,0.88);--awb-bg-size:cover;width:50%;width:calc(50% - ( ( 4% ) * 0.5 ) );\"><div class=\"fusion-column-wrapper fusion-column-has-shadow fusion-flex-column-wrapper-legacy\"><div class=\"fusion-title title fusion-title-1 fusion-sep-none fusion-title-text fusion-title-size-one\" style=\"--awb-margin-bottom:20px;--awb-margin-top-small:0px;--awb-margin-right-small:0px;--awb-margin-bottom-small:20px;--awb-margin-left-small:0px;--awb-font-size:33px;\"><h1 class=\"fusion-title-heading title-heading-left fusion-responsive-typography-calculated\" style=\"margin:0;font-size:1em;--fontSize:33;line-height:1.2;\">Le Coaching vocal et comment cela peut vous aider<\/h1><\/div><div class=\"fusion-title title fusion-title-2 fusion-sep-none fusion-title-text fusion-title-size-three\" style=\"--awb-margin-bottom:0px;--awb-margin-top-small:0px;--awb-margin-right-small:0px;--awb-margin-bottom-small:20px;--awb-margin-left-small:0px;\"><h3 class=\"fusion-title-heading title-heading-left fusion-responsive-typography-calculated\" style=\"margin:0;--fontSize:27;line-height:1.5;\">Inspirez par la confiance en soi!<\/h3><\/div><div class=\"fusion-clearfix\"><\/div><\/div><\/div><\/div><div class=\"fusion-clearfix\"><\/div><\/div><\/div><\/div><\/div><div class=\"fusion-fullwidth fullwidth-box fusion-builder-row-2 nonhundred-percent-fullwidth non-hundred-percent-height-scrolling\" style=\"--awb-border-radius-top-left:0px;--awb-border-radius-top-right:0px;--awb-border-radius-bottom-right:0px;--awb-border-radius-bottom-left:0px;--awb-padding-top:2%;--awb-padding-right:2%;--awb-padding-bottom:1%;--awb-padding-left:2%;--awb-margin-top:20px;--awb-margin-bottom:50px;--awb-flex-wrap:wrap;\" ><div class=\"fusion-builder-row fusion-row\"><div class=\"fusion-layout-column fusion_builder_column fusion-builder-column-1 fusion_builder_column_1_2 1_2 fusion-one-half fusion-column-first\" style=\"--awb-padding-top:4px;--awb-bg-color:#ffffff;--awb-bg-color-hover:#ffffff;--awb-bg-size:cover;width:50%;width:calc(50% - ( ( 6% ) * 0.5 ) );margin-right: 6%;\"><div class=\"fusion-column-wrapper fusion-column-has-shadow fusion-flex-column-wrapper-legacy\"><div class=\"fusion-text fusion-text-1\"><div class=\"vc_row wpb_row vc_inner vc_row-fluid\">\n<div class=\"wpb_column vc_column_container vc_col-sm-9\">\n<div class=\"vc_column-inner vc_custom_1539034225710\">\n<div class=\"wpb_wrapper\">\n<div class=\"wpb_text_column wpb_content_element vc_custom_1539034245493\">\n<div class=\"wpb_wrapper\">\n<div class=\"vc_row wpb_row vc_inner vc_row-fluid\">\n<div class=\"wpb_column vc_column_container vc_col-sm-9\">\n<div class=\"vc_column-inner \">\n<div class=\"wpb_wrapper\">\n<div class=\"wpb_text_column wpb_content_element \">\n<div class=\"wpb_wrapper\">\n<p><strong>Le coaching vocal s&rsquo;appuie sur votre capacit\u00e9 <\/strong><strong>inn<\/strong><strong>\u00e9<\/strong><strong>e \u00e0 <\/strong><strong>communiquer et am\u00e9liore les forces latentes de votre voix. Si votre voix manque de confiance, de puissance, de chaleur et d&rsquo;autorit\u00e9, quelques techniques simples vous aideront <\/strong><strong>\u00e0 <\/strong><strong>sonner<\/strong><strong>:<\/strong><\/p>\n<ul>\n<li><strong>Plus confiant\/e<\/strong><\/li>\n<li>Plus clair\/e<\/li>\n<li>Mieux rythm\u00e9\/e et d\u00e9tendu\/e<\/li>\n<li><strong>Chaleureux et authentique <\/strong><\/li>\n<li>Moins terne et plus<strong> dynamique <\/strong><\/li>\n<li>Plus align\u00e9\/e avec votre \u201c<a href=\"\/whats-your-inner-voice-got-to-do-with-how-you-communicate\/\">voix int\u00e9rieure<\/a>\u201d<\/li>\n<\/ul>\n<\/div>\n<\/div>\n<\/div>\n<\/div>\n<\/div>\n<\/div>\n<\/div>\n<\/div>\n<\/div>\n<\/div>\n<\/div>\n<\/div>\n<\/div><div class=\"fusion-clearfix\"><\/div><\/div><\/div><div class=\"fusion-layout-column fusion_builder_column fusion-builder-column-2 fusion_builder_column_1_2 1_2 fusion-one-half fusion-column-last\" style=\"--awb-padding-top:5%;--awb-padding-right:10%;--awb-padding-bottom:5%;--awb-padding-left:10%;--awb-overflow:hidden;--awb-bg-color:#0185b5;--awb-bg-color-hover:#0185b5;--awb-bg-size:cover;--awb-border-radius:20px 20px 20px 20px;--awb-margin-top:13px;--awb-margin-bottom:0px;width:50%;width:calc(50% - ( ( 6% ) * 0.5 ) );\"><div class=\"fusion-column-wrapper fusion-column-has-shadow fusion-flex-column-wrapper-legacy\"><div class=\"fusion-title title fusion-title-3 fusion-sep-none fusion-title-text fusion-title-size-four\" style=\"--awb-text-color:#ffffff;--awb-margin-bottom:0px;--awb-margin-top-small:0px;--awb-margin-right-small:0px;--awb-margin-bottom-small:20px;--awb-margin-left-small:0px;\"><h4 class=\"fusion-title-heading title-heading-left fusion-responsive-typography-calculated\" style=\"margin:0;--fontSize:20;--minFontSize:20;line-height:1.5;\"><strong>Sujets de la formation<\/strong><\/h4><\/div><div class=\"fusion-text fusion-text-2 white-text\"><ul>\n<li>L\u2019\u00e9coute active menant \u00e0 de meilleurs r\u00e9sultats;<\/li>\n<li>Poser les bonnes questions;<\/li>\n<li>Inspirer confiance en reconnaissant ses forces;<\/li>\n<li>Bien dire les bonnes choses; donner des r\u00e9troactions efficaces;<\/li>\n<li>Entamer et clore des discussions effectivement;<\/li>\n<li>Ne pas s\u2019\u00e9carter du sujet;<\/li>\n<li>Techniques pour r\u00e9agir rapidement;<\/li>\n<li>Transformer des conversations d\u00e9licates en occasions;<\/li>\n<li>Techniques pour am\u00e9liorer la concentration et le calme;<\/li>\n<li>\u00c9tablir des limites raisonnables;<\/li>\n<li>Strat\u00e9gies personnelles de communication<\/li>\n<\/ul>\n<\/div><div class=\"fusion-clearfix\"><\/div><\/div><\/div><\/div><\/div><div class=\"fusion-fullwidth fullwidth-box fusion-builder-row-3 hundred-percent-fullwidth non-hundred-percent-height-scrolling\" style=\"--awb-border-radius-top-left:0px;--awb-border-radius-top-right:0px;--awb-border-radius-bottom-right:0px;--awb-border-radius-bottom-left:0px;--awb-background-color:#f2f5f8;--awb-flex-wrap:wrap;\" ><div class=\"fusion-builder-row fusion-row\"><div class=\"fusion-layout-column fusion_builder_column fusion-builder-column-3 fusion_builder_column_1_1 1_1 fusion-one-full fusion-column-first fusion-column-last\" style=\"--awb-bg-size:cover;\"><div class=\"fusion-column-wrapper fusion-flex-column-wrapper-legacy\"><div class=\"fusion-content-boxes content-boxes columns row fusion-columns-1 fusion-columns-total-1 fusion-content-boxes-1 content-boxes-icon-on-top content-left\" style=\"--awb-title-color:#0a3b6f;--awb-hover-accent-color:#6abf16;--awb-circle-hover-accent-color:#6abf16;--awb-item-margin-bottom:40px;\" data-animationOffset=\"top-into-view\"><div style=\"--awb-backgroundcolor:#f2f5f8;\" class=\"fusion-column content-box-column content-box-column content-box-column-1 col-lg-12 col-md-12 col-sm-12 fusion-content-box-hover content-box-column-last content-box-column-last-in-row\"><div class=\"col content-box-wrapper content-wrapper-background link-area-link-icon icon-hover-animation-fade\" data-animationOffset=\"top-into-view\"><div class=\"heading heading-with-icon icon-left\"><div class=\"icon\"><i style=\"border-color:#252525;border-width:0px;background-color:#0a3b6f;box-sizing:content-box;height:42px;width:42px;line-height:42px;border-radius:50%;font-size:21px;\" aria-hidden=\"true\" class=\"fontawesome-icon fa-user-alt fas circle-yes\"><\/i><\/div><h3 class=\"content-box-heading fusion-responsive-typography-calculated\" style=\"--h3_typography-font-size:30px;--fontSize:30;line-height:1.5;\">Tarifs<\/h3><\/div><div class=\"fusion-clearfix\"><\/div><div class=\"content-container\">\n<p>Forfaits disponibles pour 3 sessions ou plus. Cette formation est souvent rembours\u00e9e par l`employeur, donc n`h\u00e9sitez pas \u00e0 me demander un devis!<\/p>\n<div class=\"fusion-button-wrapper fusion-aligncenter\"><a class=\"fusion-button button-flat button-large button-default fusion-button-default button-1 fusion-button-span-no fusion-button-default-type\" style=\"--button-border-radius-top-left:0px;--button-border-radius-top-right:0px;--button-border-radius-bottom-right:0px;--button-border-radius-bottom-left:0px;--button_text_transform:uppercase;\" target=\"_self\" href=\"mailto:voice@sylvialarrass.com?subject=Registration for Leadership Skills\"><i class=\"fa-envelope fas awb-button__icon awb-button__icon--default button-icon-left\" aria-hidden=\"true\"><\/i><span class=\"fusion-button-text awb-button__text awb-button__text--default\">S\u2019inscrire<\/span><\/a><\/div>\n<\/div><\/div><\/div><div class=\"fusion-clearfix\"><\/div><\/div><div class=\"fusion-clearfix\"><\/div><\/div><\/div><\/div><\/div><\/p>\n","protected":false},"excerpt":{"rendered":"","protected":false},"author":2,"featured_media":0,"parent":0,"menu_order":0,"comment_status":"closed","ping_status":"closed","template":"100-width.php","meta":{"footnotes":""},"class_list":["post-3573","page","type-page","status-publish","hentry"],"yoast_head":"<!-- This site is optimized with the Yoast SEO plugin v27.5 - https:\/\/yoast.com\/product\/yoast-seo-wordpress\/ -->\n<title>Qu\u2019est-ce que le coaching vocal? - Sylvia Larrass - Public Speaking Training and Voice Coaching<\/title>\n<meta name=\"robots\" content=\"index, follow, max-snippet:-1, max-image-preview:large, max-video-preview:-1\" \/>\n<link rel=\"canonical\" href=\"https:\/\/www.sylvialarrass.com\/fr\/quest-ce-que-le-coaching-vocal\/\" \/>\n<meta property=\"og:locale\" content=\"fr_FR\" \/>\n<meta property=\"og:type\" content=\"article\" \/>\n<meta property=\"og:title\" content=\"Qu\u2019est-ce que le coaching vocal? - Sylvia Larrass - Public Speaking Training and Voice Coaching\" \/>\n<meta property=\"og:url\" content=\"https:\/\/www.sylvialarrass.com\/fr\/quest-ce-que-le-coaching-vocal\/\" \/>\n<meta property=\"og:site_name\" content=\"Sylvia Larrass - Public Speaking Training and Voice Coaching\" \/>\n<meta name=\"twitter:card\" content=\"summary_large_image\" \/>\n<meta name=\"twitter:label1\" content=\"Dur\u00e9e de lecture estim\u00e9e\" \/>\n\t<meta name=\"twitter:data1\" content=\"7 minutes\" \/>\n<script type=\"application\/ld+json\" class=\"yoast-schema-graph\">{\"@context\":\"https:\\\/\\\/schema.org\",\"@graph\":[{\"@type\":\"WebPage\",\"@id\":\"https:\\\/\\\/www.sylvialarrass.com\\\/fr\\\/quest-ce-que-le-coaching-vocal\\\/\",\"url\":\"https:\\\/\\\/www.sylvialarrass.com\\\/fr\\\/quest-ce-que-le-coaching-vocal\\\/\",\"name\":\"Qu\u2019est-ce que le coaching vocal? - Sylvia Larrass - Public Speaking Training and Voice Coaching\",\"isPartOf\":{\"@id\":\"https:\\\/\\\/www.sylvialarrass.com\\\/#website\"},\"datePublished\":\"2023-01-11T12:13:27+00:00\",\"breadcrumb\":{\"@id\":\"https:\\\/\\\/www.sylvialarrass.com\\\/fr\\\/quest-ce-que-le-coaching-vocal\\\/#breadcrumb\"},\"inLanguage\":\"fr-FR\",\"potentialAction\":[{\"@type\":\"ReadAction\",\"target\":[\"https:\\\/\\\/www.sylvialarrass.com\\\/fr\\\/quest-ce-que-le-coaching-vocal\\\/\"]}]},{\"@type\":\"BreadcrumbList\",\"@id\":\"https:\\\/\\\/www.sylvialarrass.com\\\/fr\\\/quest-ce-que-le-coaching-vocal\\\/#breadcrumb\",\"itemListElement\":[{\"@type\":\"ListItem\",\"position\":1,\"name\":\"Home\",\"item\":\"https:\\\/\\\/www.sylvialarrass.com\\\/fr\\\/\"},{\"@type\":\"ListItem\",\"position\":2,\"name\":\"Qu\u2019est-ce que le coaching vocal?\"}]},{\"@type\":\"WebSite\",\"@id\":\"https:\\\/\\\/www.sylvialarrass.com\\\/#website\",\"url\":\"https:\\\/\\\/www.sylvialarrass.com\\\/\",\"name\":\"Sylvia Larrass - Public Speaking Training and Voice Coaching\",\"description\":\"Public Speaking Training and Voice Coaching\",\"potentialAction\":[{\"@type\":\"SearchAction\",\"target\":{\"@type\":\"EntryPoint\",\"urlTemplate\":\"https:\\\/\\\/www.sylvialarrass.com\\\/?s={search_term_string}\"},\"query-input\":{\"@type\":\"PropertyValueSpecification\",\"valueRequired\":true,\"valueName\":\"search_term_string\"}}],\"inLanguage\":\"fr-FR\"}]}<\/script>\n<!-- \/ Yoast SEO plugin. -->","yoast_head_json":{"title":"Qu\u2019est-ce que le coaching vocal? - Sylvia Larrass - Public Speaking Training and Voice Coaching","robots":{"index":"index","follow":"follow","max-snippet":"max-snippet:-1","max-image-preview":"max-image-preview:large","max-video-preview":"max-video-preview:-1"},"canonical":"https:\/\/www.sylvialarrass.com\/fr\/quest-ce-que-le-coaching-vocal\/","og_locale":"fr_FR","og_type":"article","og_title":"Qu\u2019est-ce que le coaching vocal? - Sylvia Larrass - Public Speaking Training and Voice Coaching","og_url":"https:\/\/www.sylvialarrass.com\/fr\/quest-ce-que-le-coaching-vocal\/","og_site_name":"Sylvia Larrass - Public Speaking Training and Voice Coaching","twitter_card":"summary_large_image","twitter_misc":{"Dur\u00e9e de lecture estim\u00e9e":"7 minutes"},"schema":{"@context":"https:\/\/schema.org","@graph":[{"@type":"WebPage","@id":"https:\/\/www.sylvialarrass.com\/fr\/quest-ce-que-le-coaching-vocal\/","url":"https:\/\/www.sylvialarrass.com\/fr\/quest-ce-que-le-coaching-vocal\/","name":"Qu\u2019est-ce que le coaching vocal? - Sylvia Larrass - Public Speaking Training and Voice Coaching","isPartOf":{"@id":"https:\/\/www.sylvialarrass.com\/#website"},"datePublished":"2023-01-11T12:13:27+00:00","breadcrumb":{"@id":"https:\/\/www.sylvialarrass.com\/fr\/quest-ce-que-le-coaching-vocal\/#breadcrumb"},"inLanguage":"fr-FR","potentialAction":[{"@type":"ReadAction","target":["https:\/\/www.sylvialarrass.com\/fr\/quest-ce-que-le-coaching-vocal\/"]}]},{"@type":"BreadcrumbList","@id":"https:\/\/www.sylvialarrass.com\/fr\/quest-ce-que-le-coaching-vocal\/#breadcrumb","itemListElement":[{"@type":"ListItem","position":1,"name":"Home","item":"https:\/\/www.sylvialarrass.com\/fr\/"},{"@type":"ListItem","position":2,"name":"Qu\u2019est-ce que le coaching vocal?"}]},{"@type":"WebSite","@id":"https:\/\/www.sylvialarrass.com\/#website","url":"https:\/\/www.sylvialarrass.com\/","name":"Sylvia Larrass - Public Speaking Training and Voice Coaching","description":"Public Speaking Training and Voice Coaching","potentialAction":[{"@type":"SearchAction","target":{"@type":"EntryPoint","urlTemplate":"https:\/\/www.sylvialarrass.com\/?s={search_term_string}"},"query-input":{"@type":"PropertyValueSpecification","valueRequired":true,"valueName":"search_term_string"}}],"inLanguage":"fr-FR"}]}},"_links":{"self":[{"href":"https:\/\/www.sylvialarrass.com\/fr\/wp-json\/wp\/v2\/pages\/3573","targetHints":{"allow":["GET"]}}],"collection":[{"href":"https:\/\/www.sylvialarrass.com\/fr\/wp-json\/wp\/v2\/pages"}],"about":[{"href":"https:\/\/www.sylvialarrass.com\/fr\/wp-json\/wp\/v2\/types\/page"}],"author":[{"embeddable":true,"href":"https:\/\/www.sylvialarrass.com\/fr\/wp-json\/wp\/v2\/users\/2"}],"replies":[{"embeddable":true,"href":"https:\/\/www.sylvialarrass.com\/fr\/wp-json\/wp\/v2\/comments?post=3573"}],"version-history":[{"count":0,"href":"https:\/\/www.sylvialarrass.com\/fr\/wp-json\/wp\/v2\/pages\/3573\/revisions"}],"wp:attachment":[{"href":"https:\/\/www.sylvialarrass.com\/fr\/wp-json\/wp\/v2\/media?parent=3573"}],"curies":[{"name":"wp","href":"https:\/\/api.w.org\/{rel}","templated":true}]}}