{"id":3565,"date":"2023-01-11T00:12:20","date_gmt":"2023-01-11T00:12:20","guid":{"rendered":"https:\/\/www.sylvialarrass.com\/?page_id=3565"},"modified":"2023-01-11T00:12:20","modified_gmt":"2023-01-11T00:12:20","slug":"coaching-individuel-2","status":"publish","type":"page","link":"https:\/\/www.sylvialarrass.com\/fr\/services\/coaching-individuel-2\/","title":{"rendered":"Coaching individuel"},"content":{"rendered":"<p><div class=\"fusion-fullwidth fullwidth-box fusion-builder-row-1 nonhundred-percent-fullwidth non-hundred-percent-height-scrolling\" style=\"--awb-border-radius-top-left:0px;--awb-border-radius-top-right:0px;--awb-border-radius-bottom-right:0px;--awb-border-radius-bottom-left:0px;--awb-padding-top:1%;--awb-padding-bottom:0%;--awb-margin-top:20px;--awb-margin-bottom:0px;--awb-flex-wrap:wrap;\" ><div class=\"fusion-builder-row fusion-row\"><div class=\"fusion-layout-column fusion_builder_column fusion-builder-column-0 fusion_builder_column_1_1 1_1 fusion-one-full fusion-column-first fusion-column-last\" style=\"--awb-padding-top:80px;--awb-padding-right:40px;--awb-padding-bottom:50px;--awb-bg-image:url(&#039;https:\/\/www.sylvialarrass.com\/wp-content\/uploads\/2022\/09\/Dew-drop-banner-2.jpg&#039;);--awb-bg-size:cover;\"><div class=\"fusion-column-wrapper fusion-column-has-shadow fusion-flex-column-wrapper-legacy fusion-column-has-bg-image\" data-bg-url=\"https:\/\/www.sylvialarrass.com\/wp-content\/uploads\/2022\/09\/Dew-drop-banner-2.jpg\"><div class=\"fusion-builder-row fusion-builder-row-inner fusion-row\"><div class=\"fusion-layout-column fusion_builder_column_inner fusion-builder-nested-column-0 fusion_builder_column_inner_1_2 1_2 fusion-one-half fusion-column-first\" style=\"--awb-bg-size:cover;width:50%;width:calc(50% - ( ( 10% ) * 0.5 ) );margin-right: 10%;\"><div class=\"fusion-column-wrapper fusion-column-has-shadow fusion-flex-column-wrapper-legacy\"><div class=\"fusion-clearfix\"><\/div><\/div><\/div><div class=\"fusion-layout-column fusion_builder_column_inner fusion-builder-nested-column-1 fusion_builder_column_inner_1_2 1_2 fusion-one-half fusion-column-last\" style=\"--awb-padding-top:20px;--awb-padding-right:30px;--awb-padding-bottom:20px;--awb-padding-left:30px;--awb-bg-color:rgba(255,255,255,0.88);--awb-bg-color-hover:rgba(255,255,255,0.88);--awb-bg-size:cover;width:50%;width:calc(50% - ( ( 10% ) * 0.5 ) );\"><div class=\"fusion-column-wrapper fusion-column-has-shadow fusion-flex-column-wrapper-legacy\"><div class=\"fusion-title title fusion-title-1 fusion-sep-none fusion-title-text fusion-title-size-one\" style=\"--awb-margin-bottom:20px;--awb-margin-top-small:0px;--awb-margin-right-small:0px;--awb-margin-bottom-small:20px;--awb-margin-left-small:0px;--awb-font-size:33px;\"><h1 class=\"fusion-title-heading title-heading-left fusion-responsive-typography-calculated\" style=\"margin:0;font-size:1em;--fontSize:33;line-height:1.2;\">Le Coaching individuel et comment il peut vous aider<\/h1><\/div><div class=\"fusion-title title fusion-title-2 fusion-sep-none fusion-title-text fusion-title-size-three\" style=\"--awb-margin-bottom:0px;--awb-margin-top-small:0px;--awb-margin-right-small:0px;--awb-margin-bottom-small:20px;--awb-margin-left-small:0px;\"><h3 class=\"fusion-title-heading title-heading-left fusion-responsive-typography-calculated\" style=\"margin:0;--fontSize:27;line-height:1.5;\">Puissance et authenticit\u00e9<\/h3><\/div><div class=\"fusion-clearfix\"><\/div><\/div><\/div><\/div><div class=\"fusion-clearfix\"><\/div><\/div><\/div><\/div><\/div><div class=\"fusion-fullwidth fullwidth-box fusion-builder-row-2 nonhundred-percent-fullwidth non-hundred-percent-height-scrolling\" style=\"--awb-border-radius-top-left:0px;--awb-border-radius-top-right:0px;--awb-border-radius-bottom-right:0px;--awb-border-radius-bottom-left:0px;--awb-padding-top:2%;--awb-padding-right:2%;--awb-padding-bottom:1%;--awb-padding-left:2%;--awb-margin-top:20px;--awb-margin-bottom:50px;--awb-flex-wrap:wrap;\" ><div class=\"fusion-builder-row fusion-row\"><div class=\"fusion-layout-column fusion_builder_column fusion-builder-column-1 fusion_builder_column_1_2 1_2 fusion-one-half fusion-column-first\" style=\"--awb-padding-top:4px;--awb-bg-color:#ffffff;--awb-bg-color-hover:#ffffff;--awb-bg-size:cover;width:50%;width:calc(50% - ( ( 6% ) * 0.5 ) );margin-right: 6%;\"><div class=\"fusion-column-wrapper fusion-column-has-shadow fusion-flex-column-wrapper-legacy\"><div class=\"fusion-text fusion-text-1\"><p>Avez-vous du mal \u00e0 <strong>attirer l<\/strong><strong>\u2019<\/strong><strong>attention<\/strong> des gens? Ou aimeriez-vous simplement <strong>\u00e9lever votre leadership<\/strong> en devenant un <strong>meilleur communicateur<\/strong> et un <strong>meilleur influenceur<\/strong>? Avec l&rsquo;utilisation d&rsquo;outils et de <strong>techniques simples<\/strong>, vous apprendrez \u00e0:<\/p>\n<ul>\n<li>Offrir des pr\u00e9sentations convaincantes<\/li>\n<li>Organiser des r\u00e9unions efficaces<\/li>\n<li>Avoir des conversations et des discussions plus percutantes<\/li>\n<li>\u00catre mieux pr\u00e9par\u00e9\/e<\/li>\n<li>\u00catre un agent de changement<\/li>\n<li>Mieux vous ma\u00eetriser ainsi que vos \u00e9motions<\/li>\n<li>Faire confiance et tirer parti de vos capacit\u00e9s de communication<\/li>\n<li>Am\u00e9liorer votre pr\u00e9sence de leadership<\/li>\n<\/ul>\n<\/div><div class=\"fusion-clearfix\"><\/div><\/div><\/div><div class=\"fusion-layout-column fusion_builder_column fusion-builder-column-2 fusion_builder_column_1_2 1_2 fusion-one-half fusion-column-last\" style=\"--awb-padding-top:5%;--awb-padding-right:10%;--awb-padding-bottom:3%;--awb-padding-left:10%;--awb-overflow:hidden;--awb-bg-color:#0185b5;--awb-bg-color-hover:#0185b5;--awb-bg-size:cover;--awb-border-radius:20px 20px 20px 20px;--awb-margin-top:13px;--awb-margin-bottom:0px;width:50%;width:calc(50% - ( ( 6% ) * 0.5 ) );\"><div class=\"fusion-column-wrapper fusion-column-has-shadow fusion-flex-column-wrapper-legacy\"><div class=\"fusion-title title fusion-title-3 fusion-sep-none fusion-title-text fusion-title-size-four\" style=\"--awb-text-color:#ffffff;--awb-margin-bottom:0px;--awb-margin-top-small:0px;--awb-margin-right-small:0px;--awb-margin-bottom-small:20px;--awb-margin-left-small:0px;\"><h4 class=\"fusion-title-heading title-heading-left fusion-responsive-typography-calculated\" style=\"margin:0;--fontSize:20;--minFontSize:20;line-height:1.5;\"><strong>Objectifs de formation<\/strong><\/h4><\/div><div class=\"fusion-text fusion-text-2 white-text\"><ul>\n<li>Identifier vos propres objectifs<\/li>\n<li>Identifier et conna\u00eetre votre public<\/li>\n<li>Comment structurer votre communication et cibler les messages cl\u00e9s<\/li>\n<li>Conseils pour \u00eatre clair, concis et pr\u00e9cis<\/li>\n<li>Parler et r\u00e9pondre aux questions en toute confiance<\/li>\n<li>Affirmation et authenticit\u00e9<\/li>\n<li>Techniques pour un meilleur engagement de l&rsquo;\u00e9quipe et du public<\/li>\n<li>Rester calme et pr\u00e9sent\/e<\/li>\n<li>Cr\u00e9er un \u00e9tat d&rsquo;esprit autonome<\/li>\n<li>Raconter une histoire captivante<\/li>\n<li>Inspirer la confiance gr\u00e2ce au leadership \u00e9clair\u00e9<\/li>\n<\/ul>\n<\/div><div class=\"fusion-clearfix\"><\/div><\/div><\/div><\/div><\/div><div class=\"fusion-fullwidth fullwidth-box fusion-builder-row-3 hundred-percent-fullwidth non-hundred-percent-height-scrolling\" style=\"--awb-border-radius-top-left:0px;--awb-border-radius-top-right:0px;--awb-border-radius-bottom-right:0px;--awb-border-radius-bottom-left:0px;--awb-padding-top:0px;--awb-margin-top:0px;--awb-margin-bottom:0px;--awb-background-color:#f2f5f8;--awb-flex-wrap:wrap;\" ><div class=\"fusion-builder-row fusion-row\"><div class=\"fusion-layout-column fusion_builder_column fusion-builder-column-3 fusion_builder_column_1_1 1_1 fusion-one-full fusion-column-first fusion-column-last fusion-animated\" style=\"--awb-bg-size:cover;--awb-margin-bottom:0px;\" data-animationType=\"fadeInLeft\" data-animationDuration=\"0.3\" data-animationOffset=\"top-into-view\"><div class=\"fusion-column-wrapper fusion-flex-column-wrapper-legacy\"><div class=\"fusion-content-boxes content-boxes columns row fusion-columns-1 fusion-columns-total-1 fusion-content-boxes-1 content-boxes-icon-on-top content-left\" style=\"--awb-title-color:#0a3b6f;--awb-margin-bottom:0px;--awb-hover-accent-color:#6abf16;--awb-circle-hover-accent-color:#6abf16;--awb-item-margin-bottom:40px;\" data-animationOffset=\"top-into-view\"><div style=\"--awb-backgroundcolor:#f2f5f8;\" class=\"fusion-column content-box-column content-box-column content-box-column-1 col-lg-12 col-md-12 col-sm-12 fusion-content-box-hover content-box-column-last content-box-column-last-in-row\"><div class=\"col content-box-wrapper content-wrapper-background link-area-link-icon icon-hover-animation-fade\" data-animationOffset=\"top-into-view\"><div class=\"heading heading-with-icon icon-left\"><div class=\"icon\"><i style=\"border-color:#252525;border-width:0px;background-color:#0a3b6f;box-sizing:content-box;height:42px;width:42px;line-height:42px;border-radius:50%;font-size:21px;\" aria-hidden=\"true\" class=\"fontawesome-icon fa-user-alt fas circle-yes\"><\/i><\/div><h3 class=\"content-box-heading fusion-responsive-typography-calculated\" style=\"--h3_typography-font-size:30px;--fontSize:30;line-height:1.5;\">Tarifs<\/h3><\/div><div class=\"fusion-clearfix\"><\/div><div class=\"content-container\">\n<p>Forfaits disponibles pour 3 sessions ou plus. Cette formation est souvent rembours\u00e9e par l`employeur, donc n`h\u00e9sitez pas \u00e0 me demander un devis!<\/p>\n<div class=\"fusion-button-wrapper fusion-aligncenter\"><a class=\"fusion-button button-flat button-large button-default fusion-button-default button-1 fusion-button-span-no fusion-button-default-type\" style=\"--button-border-radius-top-left:0px;--button-border-radius-top-right:0px;--button-border-radius-bottom-right:0px;--button-border-radius-bottom-left:0px;--button_text_transform:uppercase;\" target=\"_self\" title=\"Action Now!\" aria-label=\"Action Now!\" href=\"mailto:voice@sylvialarrass.com?subject=S\u2019inscrire\"><i class=\"fa-envelope fas awb-button__icon awb-button__icon--default button-icon-left\" aria-hidden=\"true\"><\/i><span class=\"fusion-button-text awb-button__text awb-button__text--default\">S\u2019inscrire<\/span><\/a><\/div><\/div><\/div><\/div><div class=\"fusion-clearfix\"><\/div><\/div><div class=\"fusion-clearfix\"><\/div><\/div><\/div><\/div><\/div><\/p>\n","protected":false},"excerpt":{"rendered":"","protected":false},"author":2,"featured_media":0,"parent":786,"menu_order":0,"comment_status":"closed","ping_status":"closed","template":"100-width.php","meta":{"footnotes":""},"class_list":["post-3565","page","type-page","status-publish","hentry"],"yoast_head":"<!-- This site is optimized with the Yoast SEO plugin v27.4 - https:\/\/yoast.com\/product\/yoast-seo-wordpress\/ -->\n<title>Coaching individuel - Sylvia Larrass - Public Speaking Training and Voice Coaching<\/title>\n<meta name=\"robots\" content=\"index, follow, max-snippet:-1, max-image-preview:large, max-video-preview:-1\" \/>\n<link rel=\"canonical\" href=\"https:\/\/www.sylvialarrass.com\/fr\/services\/coaching-individuel-2\/\" \/>\n<meta property=\"og:locale\" content=\"fr_FR\" \/>\n<meta property=\"og:type\" content=\"article\" \/>\n<meta property=\"og:title\" content=\"Coaching individuel - Sylvia Larrass - Public Speaking Training and Voice Coaching\" \/>\n<meta property=\"og:url\" content=\"https:\/\/www.sylvialarrass.com\/fr\/services\/coaching-individuel-2\/\" \/>\n<meta property=\"og:site_name\" content=\"Sylvia Larrass - Public Speaking Training and Voice Coaching\" \/>\n<meta name=\"twitter:card\" content=\"summary_large_image\" \/>\n<meta name=\"twitter:label1\" content=\"Dur\u00e9e de lecture estim\u00e9e\" \/>\n\t<meta name=\"twitter:data1\" content=\"6 minutes\" \/>\n<script type=\"application\/ld+json\" class=\"yoast-schema-graph\">{\"@context\":\"https:\\\/\\\/schema.org\",\"@graph\":[{\"@type\":\"WebPage\",\"@id\":\"https:\\\/\\\/www.sylvialarrass.com\\\/fr\\\/services\\\/coaching-individuel-2\\\/\",\"url\":\"https:\\\/\\\/www.sylvialarrass.com\\\/fr\\\/services\\\/coaching-individuel-2\\\/\",\"name\":\"Coaching individuel - Sylvia Larrass - Public Speaking Training and Voice Coaching\",\"isPartOf\":{\"@id\":\"https:\\\/\\\/www.sylvialarrass.com\\\/#website\"},\"datePublished\":\"2023-01-11T00:12:20+00:00\",\"breadcrumb\":{\"@id\":\"https:\\\/\\\/www.sylvialarrass.com\\\/fr\\\/services\\\/coaching-individuel-2\\\/#breadcrumb\"},\"inLanguage\":\"fr-FR\",\"potentialAction\":[{\"@type\":\"ReadAction\",\"target\":[\"https:\\\/\\\/www.sylvialarrass.com\\\/fr\\\/services\\\/coaching-individuel-2\\\/\"]}]},{\"@type\":\"BreadcrumbList\",\"@id\":\"https:\\\/\\\/www.sylvialarrass.com\\\/fr\\\/services\\\/coaching-individuel-2\\\/#breadcrumb\",\"itemListElement\":[{\"@type\":\"ListItem\",\"position\":1,\"name\":\"Home\",\"item\":\"https:\\\/\\\/www.sylvialarrass.com\\\/fr\\\/\"},{\"@type\":\"ListItem\",\"position\":2,\"name\":\"Services\",\"item\":\"https:\\\/\\\/www.sylvialarrass.com\\\/fr\\\/services\\\/\"},{\"@type\":\"ListItem\",\"position\":3,\"name\":\"Coaching individuel\"}]},{\"@type\":\"WebSite\",\"@id\":\"https:\\\/\\\/www.sylvialarrass.com\\\/#website\",\"url\":\"https:\\\/\\\/www.sylvialarrass.com\\\/\",\"name\":\"Sylvia Larrass - Public Speaking Training and Voice Coaching\",\"description\":\"Public Speaking Training and Voice Coaching\",\"potentialAction\":[{\"@type\":\"SearchAction\",\"target\":{\"@type\":\"EntryPoint\",\"urlTemplate\":\"https:\\\/\\\/www.sylvialarrass.com\\\/?s={search_term_string}\"},\"query-input\":{\"@type\":\"PropertyValueSpecification\",\"valueRequired\":true,\"valueName\":\"search_term_string\"}}],\"inLanguage\":\"fr-FR\"}]}<\/script>\n<!-- \/ Yoast SEO plugin. -->","yoast_head_json":{"title":"Coaching individuel - Sylvia Larrass - Public Speaking Training and Voice Coaching","robots":{"index":"index","follow":"follow","max-snippet":"max-snippet:-1","max-image-preview":"max-image-preview:large","max-video-preview":"max-video-preview:-1"},"canonical":"https:\/\/www.sylvialarrass.com\/fr\/services\/coaching-individuel-2\/","og_locale":"fr_FR","og_type":"article","og_title":"Coaching individuel - Sylvia Larrass - Public Speaking Training and Voice Coaching","og_url":"https:\/\/www.sylvialarrass.com\/fr\/services\/coaching-individuel-2\/","og_site_name":"Sylvia Larrass - Public Speaking Training and Voice Coaching","twitter_card":"summary_large_image","twitter_misc":{"Dur\u00e9e de lecture estim\u00e9e":"6 minutes"},"schema":{"@context":"https:\/\/schema.org","@graph":[{"@type":"WebPage","@id":"https:\/\/www.sylvialarrass.com\/fr\/services\/coaching-individuel-2\/","url":"https:\/\/www.sylvialarrass.com\/fr\/services\/coaching-individuel-2\/","name":"Coaching individuel - Sylvia Larrass - Public Speaking Training and Voice Coaching","isPartOf":{"@id":"https:\/\/www.sylvialarrass.com\/#website"},"datePublished":"2023-01-11T00:12:20+00:00","breadcrumb":{"@id":"https:\/\/www.sylvialarrass.com\/fr\/services\/coaching-individuel-2\/#breadcrumb"},"inLanguage":"fr-FR","potentialAction":[{"@type":"ReadAction","target":["https:\/\/www.sylvialarrass.com\/fr\/services\/coaching-individuel-2\/"]}]},{"@type":"BreadcrumbList","@id":"https:\/\/www.sylvialarrass.com\/fr\/services\/coaching-individuel-2\/#breadcrumb","itemListElement":[{"@type":"ListItem","position":1,"name":"Home","item":"https:\/\/www.sylvialarrass.com\/fr\/"},{"@type":"ListItem","position":2,"name":"Services","item":"https:\/\/www.sylvialarrass.com\/fr\/services\/"},{"@type":"ListItem","position":3,"name":"Coaching individuel"}]},{"@type":"WebSite","@id":"https:\/\/www.sylvialarrass.com\/#website","url":"https:\/\/www.sylvialarrass.com\/","name":"Sylvia Larrass - Public Speaking Training and Voice Coaching","description":"Public Speaking Training and Voice Coaching","potentialAction":[{"@type":"SearchAction","target":{"@type":"EntryPoint","urlTemplate":"https:\/\/www.sylvialarrass.com\/?s={search_term_string}"},"query-input":{"@type":"PropertyValueSpecification","valueRequired":true,"valueName":"search_term_string"}}],"inLanguage":"fr-FR"}]}},"_links":{"self":[{"href":"https:\/\/www.sylvialarrass.com\/fr\/wp-json\/wp\/v2\/pages\/3565","targetHints":{"allow":["GET"]}}],"collection":[{"href":"https:\/\/www.sylvialarrass.com\/fr\/wp-json\/wp\/v2\/pages"}],"about":[{"href":"https:\/\/www.sylvialarrass.com\/fr\/wp-json\/wp\/v2\/types\/page"}],"author":[{"embeddable":true,"href":"https:\/\/www.sylvialarrass.com\/fr\/wp-json\/wp\/v2\/users\/2"}],"replies":[{"embeddable":true,"href":"https:\/\/www.sylvialarrass.com\/fr\/wp-json\/wp\/v2\/comments?post=3565"}],"version-history":[{"count":0,"href":"https:\/\/www.sylvialarrass.com\/fr\/wp-json\/wp\/v2\/pages\/3565\/revisions"}],"up":[{"embeddable":true,"href":"https:\/\/www.sylvialarrass.com\/fr\/wp-json\/wp\/v2\/pages\/786"}],"wp:attachment":[{"href":"https:\/\/www.sylvialarrass.com\/fr\/wp-json\/wp\/v2\/media?parent=3565"}],"curies":[{"name":"wp","href":"https:\/\/api.w.org\/{rel}","templated":true}]}}